{"id":17,"date":"2025-02-03T12:45:10","date_gmt":"2025-02-03T11:45:10","guid":{"rendered":"https:\/\/portfolio-ak.pl\/?page_id=17"},"modified":"2025-02-05T13:37:53","modified_gmt":"2025-02-05T12:37:53","slug":"home","status":"publish","type":"page","link":"https:\/\/portfolio-ak.pl\/","title":{"rendered":"Home"},"content":{"rendered":"<div id=\"pl-17\"  class=\"panel-layout\" ><div id=\"pg-17-0\"  class=\"panel-grid panel-no-style\" ><div id=\"pgc-17-0-0\"  class=\"panel-grid-cell\" ><div id=\"panel-17-0-0-0\" class=\"so-panel widget widget_sow-slider panel-first-child panel-last-child\" data-index=\"0\" ><div\n\t\t\t\n\t\t\tclass=\"so-widget-sow-slider so-widget-sow-slider-default-6d39609536fd-17\"\n\t\t\t\n\t\t>\t\t\t\t<div class=\"sow-slider-base\" style=\"display: none\" tabindex=\"0\">\n\t\t\t\t\t<ul\n\t\t\t\t\tclass=\"sow-slider-images\"\n\t\t\t\t\tdata-settings=\"{&quot;pagination&quot;:true,&quot;speed&quot;:400,&quot;timeout&quot;:3000,&quot;paused&quot;:false,&quot;pause_on_hover&quot;:false,&quot;swipe&quot;:true,&quot;nav_always_show_desktop&quot;:&quot;&quot;,&quot;nav_always_show_mobile&quot;:&quot;&quot;,&quot;breakpoint&quot;:&quot;780px&quot;,&quot;unmute&quot;:false,&quot;anchor&quot;:null}\"\n\t\t\t\t\t\t\t\t\t\tdata-anchor-id=\"\"\n\t\t\t\t>\t\t<li class=\"sow-slider-image\" style=\"visibility: visible;\" >\n\t\t\t\t\t\t<img loading=\"lazy\" decoding=\"async\" width=\"1920\" height=\"700\" src=\"https:\/\/portfolio-ak.pl\/wp-content\/uploads\/2025\/02\/slider-3.png\" class=\"sow-slider-background-image\" alt=\"\" style=\"\" srcset=\"https:\/\/portfolio-ak.pl\/wp-content\/uploads\/2025\/02\/slider-3.png 1920w, https:\/\/portfolio-ak.pl\/wp-content\/uploads\/2025\/02\/slider-3-300x109.png 300w, https:\/\/portfolio-ak.pl\/wp-content\/uploads\/2025\/02\/slider-3-1024x373.png 1024w, https:\/\/portfolio-ak.pl\/wp-content\/uploads\/2025\/02\/slider-3-768x280.png 768w, https:\/\/portfolio-ak.pl\/wp-content\/uploads\/2025\/02\/slider-3-1536x560.png 1536w\" sizes=\"auto, (max-width: 1920px) 100vw, 1920px\" \/>\t\t<\/li>\n\t\t\t\t<li class=\"sow-slider-image\" style=\"visibility: hidden;\" >\n\t\t\t\t\t\t<img loading=\"lazy\" decoding=\"async\" width=\"1920\" height=\"700\" src=\"https:\/\/portfolio-ak.pl\/wp-content\/uploads\/2025\/02\/slider-1-01-01.png\" class=\"sow-slider-background-image\" alt=\"\" style=\"\" srcset=\"https:\/\/portfolio-ak.pl\/wp-content\/uploads\/2025\/02\/slider-1-01-01.png 1920w, https:\/\/portfolio-ak.pl\/wp-content\/uploads\/2025\/02\/slider-1-01-01-300x109.png 300w, https:\/\/portfolio-ak.pl\/wp-content\/uploads\/2025\/02\/slider-1-01-01-1024x373.png 1024w, https:\/\/portfolio-ak.pl\/wp-content\/uploads\/2025\/02\/slider-1-01-01-768x280.png 768w, https:\/\/portfolio-ak.pl\/wp-content\/uploads\/2025\/02\/slider-1-01-01-1536x560.png 1536w\" sizes=\"auto, (max-width: 1920px) 100vw, 1920px\" \/>\t\t<\/li>\n\t\t\t\t<li class=\"sow-slider-image\" style=\"visibility: hidden;\" >\n\t\t\t\t\t\t<img loading=\"lazy\" decoding=\"async\" width=\"1920\" height=\"700\" src=\"https:\/\/portfolio-ak.pl\/wp-content\/uploads\/2025\/02\/slider-2.png\" class=\"sow-slider-background-image\" alt=\"\" style=\"\" srcset=\"https:\/\/portfolio-ak.pl\/wp-content\/uploads\/2025\/02\/slider-2.png 1920w, https:\/\/portfolio-ak.pl\/wp-content\/uploads\/2025\/02\/slider-2-300x109.png 300w, https:\/\/portfolio-ak.pl\/wp-content\/uploads\/2025\/02\/slider-2-1024x373.png 1024w, https:\/\/portfolio-ak.pl\/wp-content\/uploads\/2025\/02\/slider-2-768x280.png 768w, https:\/\/portfolio-ak.pl\/wp-content\/uploads\/2025\/02\/slider-2-1536x560.png 1536w\" sizes=\"auto, (max-width: 1920px) 100vw, 1920px\" \/>\t\t<\/li>\n\t\t<\/ul>\t\t\t\t<ol class=\"sow-slider-pagination\">\n\t\t\t\t\t\t\t\t\t\t\t<li><a href=\"#\" data-goto=\"0\" aria-label=\"Display slide 1\"><\/a><\/li>\n\t\t\t\t\t\t\t\t\t\t\t<li><a href=\"#\" data-goto=\"1\" aria-label=\"Display slide 2\"><\/a><\/li>\n\t\t\t\t\t\t\t\t\t\t\t<li><a href=\"#\" data-goto=\"2\" aria-label=\"Display slide 3\"><\/a><\/li>\n\t\t\t\t\t\t\t\t\t<\/ol>\n\n\t\t\t\t<div class=\"sow-slide-nav sow-slide-nav-next\">\n\t\t\t\t\t<a href=\"#\" data-goto=\"next\" aria-label=\"Next slide\" data-action=\"next\">\n\t\t\t\t\t\t<em class=\"sow-sld-icon-thin-right\"><\/em>\n\t\t\t\t\t<\/a>\n\t\t\t\t<\/div>\n\n\t\t\t\t<div class=\"sow-slide-nav sow-slide-nav-prev\">\n\t\t\t\t\t<a href=\"#\" data-goto=\"previous\" aria-label=\"Previous slide\" data-action=\"prev\">\n\t\t\t\t\t\t<em class=\"sow-sld-icon-thin-left\"><\/em>\n\t\t\t\t\t<\/a>\n\t\t\t\t<\/div>\n\t\t\t\t<\/div><\/div><\/div><\/div><\/div><div id=\"pg-17-1\"  class=\"panel-grid panel-no-style\" ><div id=\"pgc-17-1-0\"  class=\"panel-grid-cell\" ><div id=\"panel-17-1-0-0\" class=\"so-panel widget widget_sow-editor panel-first-child panel-last-child\" data-index=\"1\" ><div\n\t\t\t\n\t\t\tclass=\"so-widget-sow-editor so-widget-sow-editor-base\"\n\t\t\t\n\t\t>\n<div class=\"siteorigin-widget-tinymce textwidget\">\n\t<p>&nbsp;<\/p>\n<hr \/>\n<\/div>\n<\/div><\/div><\/div><\/div><div id=\"pg-17-2\"  class=\"panel-grid panel-has-style\" ><div class=\"siteorigin-panels-stretch panel-row-style panel-row-style-for-17-2\" data-stretch-type=\"full\" ><div id=\"pgc-17-2-0\"  class=\"panel-grid-cell\" ><div id=\"panel-17-2-0-0\" class=\"so-panel widget widget_sow-editor panel-first-child panel-last-child\" data-index=\"2\" ><div class=\"panel-widget-style panel-widget-style-for-17-2-0-0\" ><div\n\t\t\t\n\t\t\tclass=\"so-widget-sow-editor so-widget-sow-editor-base\"\n\t\t\t\n\t\t>\n<div class=\"siteorigin-widget-tinymce textwidget\">\n\t<p>&nbsp;<br \/>\n<strong><img decoding=\"async\" class=\"size-medium wp-image-49 aligncenter\" src=\"https:\/\/portfolio-ak.pl\/wp-content\/uploads\/2025\/02\/doswiadczenie-300x300.png\" alt=\"\" width=\"50%\" height=\"50%\" srcset=\"https:\/\/portfolio-ak.pl\/wp-content\/uploads\/2025\/02\/doswiadczenie-300x300.png 300w, https:\/\/portfolio-ak.pl\/wp-content\/uploads\/2025\/02\/doswiadczenie-150x150.png 150w, https:\/\/portfolio-ak.pl\/wp-content\/uploads\/2025\/02\/doswiadczenie.png 390w\" sizes=\"(max-width: 300px) 100vw, 300px\" \/><\/strong><\/p>\n<p style=\"text-align: center; font-size: 1.2em;\"><strong>Do\u015bwiadczenie<\/strong><\/p>\n<p>&nbsp;<\/p>\n<\/div>\n<\/div><\/div><\/div><\/div><div id=\"pgc-17-2-1\"  class=\"panel-grid-cell\" ><div id=\"panel-17-2-1-0\" class=\"so-panel widget widget_sow-editor panel-first-child panel-last-child\" data-index=\"3\" ><div class=\"panel-widget-style panel-widget-style-for-17-2-1-0\" ><div\n\t\t\t\n\t\t\tclass=\"so-widget-sow-editor so-widget-sow-editor-base\"\n\t\t\t\n\t\t>\n<div class=\"siteorigin-widget-tinymce textwidget\">\n\t<p>&nbsp;<br \/>\n<strong><img decoding=\"async\" class=\"size-medium wp-image-49 aligncenter\" src=\"https:\/\/portfolio-ak.pl\/wp-content\/uploads\/2025\/02\/kreatywnosc-300x300.png\" alt=\"\" width=\"50%\" height=\"50%\" \/><\/strong><\/p>\n<p style=\"text-align: center; font-size: 1.2em;\"><strong>Kreatywno\u015b\u0107<\/strong><\/p>\n<p>&nbsp;<\/p>\n<\/div>\n<\/div><\/div><\/div><\/div><div id=\"pgc-17-2-2\"  class=\"panel-grid-cell\" ><div id=\"panel-17-2-2-0\" class=\"so-panel widget widget_sow-editor panel-first-child panel-last-child\" data-index=\"4\" ><div class=\"panel-widget-style panel-widget-style-for-17-2-2-0\" ><div\n\t\t\t\n\t\t\tclass=\"so-widget-sow-editor so-widget-sow-editor-base\"\n\t\t\t\n\t\t>\n<div class=\"siteorigin-widget-tinymce textwidget\">\n\t<p>&nbsp;<br \/>\n<img decoding=\"async\" class=\"wp-image-57 aligncenter\" src=\"https:\/\/portfolio-ak.pl\/wp-content\/uploads\/2025\/02\/zaangazowanie-300x300.png\" alt=\"\" width=\"50%\" height=\"50%\" srcset=\"https:\/\/portfolio-ak.pl\/wp-content\/uploads\/2025\/02\/zaangazowanie-300x300.png 300w, https:\/\/portfolio-ak.pl\/wp-content\/uploads\/2025\/02\/zaangazowanie-150x150.png 150w, https:\/\/portfolio-ak.pl\/wp-content\/uploads\/2025\/02\/zaangazowanie.png 390w\" sizes=\"(max-width: 300px) 100vw, 300px\" \/><\/p>\n<p style=\"text-align: center; font-size: 1.2em;\"><strong>Zaanga\u017cowanie<\/strong><\/p>\n<p>&nbsp;<\/p>\n<\/div>\n<\/div><\/div><\/div><\/div><div id=\"pgc-17-2-3\"  class=\"panel-grid-cell\" ><div id=\"panel-17-2-3-0\" class=\"so-panel widget widget_sow-editor panel-first-child panel-last-child\" data-index=\"5\" ><div class=\"panel-widget-style panel-widget-style-for-17-2-3-0\" ><div\n\t\t\t\n\t\t\tclass=\"so-widget-sow-editor so-widget-sow-editor-base\"\n\t\t\t\n\t\t>\n<div class=\"siteorigin-widget-tinymce textwidget\">\n\t<p>&nbsp;<br \/>\n<img decoding=\"async\" class=\"wp-image-56 aligncenter\" src=\"https:\/\/portfolio-ak.pl\/wp-content\/uploads\/2025\/02\/umiejetnosci-300x300.png\" alt=\"\" width=\"50%\" height=\"50%\" srcset=\"https:\/\/portfolio-ak.pl\/wp-content\/uploads\/2025\/02\/umiejetnosci-300x300.png 300w, https:\/\/portfolio-ak.pl\/wp-content\/uploads\/2025\/02\/umiejetnosci-150x150.png 150w, https:\/\/portfolio-ak.pl\/wp-content\/uploads\/2025\/02\/umiejetnosci.png 390w\" sizes=\"(max-width: 300px) 100vw, 300px\" \/><\/p>\n<p style=\"text-align: center; font-size: 1.2em;\"><strong>Umiej\u0119tno\u015bci<\/strong><\/p>\n<p>&nbsp;<\/p>\n<\/div>\n<\/div><\/div><\/div><\/div><\/div><\/div><div id=\"pg-17-3\"  class=\"panel-grid panel-no-style\" ><div id=\"pgc-17-3-0\"  class=\"panel-grid-cell\" ><div id=\"panel-17-3-0-0\" class=\"so-panel widget widget_sow-editor panel-first-child panel-last-child\" data-index=\"6\" ><div\n\t\t\t\n\t\t\tclass=\"so-widget-sow-editor so-widget-sow-editor-base\"\n\t\t\t\n\t\t>\n<div class=\"siteorigin-widget-tinymce textwidget\">\n\t<hr \/>\n<\/div>\n<\/div><\/div><\/div><\/div><div id=\"pg-17-4\"  class=\"panel-grid panel-has-style\" ><div class=\"siteorigin-panels-stretch panel-row-style panel-row-style-for-17-4\" data-stretch-type=\"full\" ><div id=\"pgc-17-4-0\"  class=\"panel-grid-cell\" ><div id=\"panel-17-4-0-0\" class=\"so-panel widget widget_sow-editor panel-first-child panel-last-child\" data-index=\"7\" ><div class=\"panel-widget-style panel-widget-style-for-17-4-0-0\" ><div\n\t\t\t\n\t\t\tclass=\"so-widget-sow-editor so-widget-sow-editor-base\"\n\t\t\t\n\t\t>\n<div class=\"siteorigin-widget-tinymce textwidget\">\n\t<p style=\"text-align: center; font-size: 1.5em;\"><span style=\"color: #0896fe;\"><strong>Witam!<\/strong><\/span><\/p>\n<p style=\"text-align: center; font-size: 1.2em;\">Nazywam si\u0119 Arkadiusz Kita jestem grafikiem z 10 letnim sta\u017cem pracy. Setki zrealizowanych projekt\u00f3w pozwoli\u0142y mi zdoby\u0107 bogate do\u015bwiadczenie w zakresie grafiki komputerowej i projektowania grafiki u\u017cytkowej. Realizowa\u0142em projekty dla czo\u0142owych producent\u00f3w bran\u017cy motoryzacyjnej jak r\u00f3wnie\u017c dla mniejszych lokalnych firm.<\/p>\n<p style=\"text-align: center; font-size: 1.2em;\"><span style=\"color: #0896fe;\">Zapraszam do zapoznania si\u0119 z moim portfolio.<\/span><\/p>\n<p><a href=\"https:\/\/portfolio-ak.pl\/?page_id=173\"> <img loading=\"lazy\" decoding=\"async\" class=\"size-medium wp-image-189 aligncenter\" src=\"https:\/\/portfolio-ak.pl\/wp-content\/uploads\/2025\/02\/zobaczportfolio-300x60.png\" alt=\"\" width=\"300\" height=\"60\" srcset=\"https:\/\/portfolio-ak.pl\/wp-content\/uploads\/2025\/02\/zobaczportfolio-300x60.png 300w, https:\/\/portfolio-ak.pl\/wp-content\/uploads\/2025\/02\/zobaczportfolio.png 500w\" sizes=\"auto, (max-width: 300px) 100vw, 300px\" \/><\/a><\/p>\n<p>&nbsp;<\/p>\n<\/div>\n<\/div><\/div><\/div><\/div><\/div><\/div><div id=\"pg-17-5\"  class=\"panel-grid panel-no-style\" ><div id=\"pgc-17-5-0\"  class=\"panel-grid-cell\" ><div id=\"panel-17-5-0-0\" class=\"so-panel widget widget_sow-editor panel-first-child panel-last-child\" data-index=\"8\" ><div\n\t\t\t\n\t\t\tclass=\"so-widget-sow-editor so-widget-sow-editor-base\"\n\t\t\t\n\t\t>\n<div class=\"siteorigin-widget-tinymce textwidget\">\n\t<p>&nbsp;<\/p>\n<hr \/>\n<\/div>\n<\/div><\/div><\/div><\/div><\/div>","protected":false},"excerpt":{"rendered":"<p>&nbsp;<\/p>\n","protected":false},"author":1,"featured_media":0,"parent":0,"menu_order":0,"comment_status":"closed","ping_status":"closed","template":"home-panels.php","meta":{"footnotes":""},"class_list":["post-17","page","type-page","status-publish","hentry"],"_links":{"self":[{"href":"https:\/\/portfolio-ak.pl\/index.php?rest_route=\/wp\/v2\/pages\/17","targetHints":{"allow":["GET"]}}],"collection":[{"href":"https:\/\/portfolio-ak.pl\/index.php?rest_route=\/wp\/v2\/pages"}],"about":[{"href":"https:\/\/portfolio-ak.pl\/index.php?rest_route=\/wp\/v2\/types\/page"}],"author":[{"embeddable":true,"href":"https:\/\/portfolio-ak.pl\/index.php?rest_route=\/wp\/v2\/users\/1"}],"replies":[{"embeddable":true,"href":"https:\/\/portfolio-ak.pl\/index.php?rest_route=%2Fwp%2Fv2%2Fcomments&post=17"}],"version-history":[{"count":77,"href":"https:\/\/portfolio-ak.pl\/index.php?rest_route=\/wp\/v2\/pages\/17\/revisions"}],"predecessor-version":[{"id":191,"href":"https:\/\/portfolio-ak.pl\/index.php?rest_route=\/wp\/v2\/pages\/17\/revisions\/191"}],"wp:attachment":[{"href":"https:\/\/portfolio-ak.pl\/index.php?rest_route=%2Fwp%2Fv2%2Fmedia&parent=17"}],"curies":[{"name":"wp","href":"https:\/\/api.w.org\/{rel}","templated":true}]}}